{"id":37,"date":"2020-07-07T15:34:28","date_gmt":"2020-07-07T15:34:28","guid":{"rendered":"https:\/\/agroblonde.com\/?page_id=37"},"modified":"2024-06-11T23:29:56","modified_gmt":"2024-06-11T23:29:56","slug":"agropecuaria-blonde","status":"publish","type":"page","link":"https:\/\/agroblonde.com\/","title":{"rendered":"AGROBLONDE"},"content":{"rendered":"\n<p><\/p>\n\n\n<p><img fetchpriority=\"high\" decoding=\"async\" class=\"aligncenter\" title=\"blonde\" src=\"https:\/\/agroblonde.com\/wp-content\/uploads\/2020\/07\/blonde.png\" alt=\"blonde\" width=\"519\" height=\"420\" \/><\/p>\n<h2>Carnes Premium<\/h2>\n<h3 style=\"text-align: left;\"><em>Adquiere productos c\u00e1rnicos\u00a0cuidadosamente seleccionados para garantizar una dieta de calidad sin salir de casa.<\/em><\/h3>\n<p><img decoding=\"async\" class=\"\" src=\"https:\/\/agroblonde.com\/wp-content\/uploads\/2020\/07\/NEW-YORK-PRIME.png\" sizes=\"(max-width: 1080px) 100vw, 1080px\" srcset=\"https:\/\/agroblonde.com\/wp-content\/uploads\/2020\/07\/NEW-YORK-PRIME.png 1080w, https:\/\/agroblonde.com\/wp-content\/uploads\/2020\/07\/NEW-YORK-PRIME-300x300.png 300w, https:\/\/agroblonde.com\/wp-content\/uploads\/2020\/07\/NEW-YORK-PRIME-1024x1024.png 1024w, https:\/\/agroblonde.com\/wp-content\/uploads\/2020\/07\/NEW-YORK-PRIME-150x150.png 150w, https:\/\/agroblonde.com\/wp-content\/uploads\/2020\/07\/NEW-YORK-PRIME-768x768.png 768w\" alt=\"\" width=\"905\" height=\"905\" \/><\/p>\n<h3>HOUSE PACK<\/h3>\n<p style=\"text-align: right;\">Dise\u00f1ado para facilitar la elaboraci\u00f3n de recetas pues cuenta con un empaque muy pr\u00e1ctico para refrigerar, permitiendo utilizar s\u00f3lo lo necesario a la hora de la cocci\u00f3n. Adem\u00e1s ofrece una amplia gama de productos que te permiten equilibrar t\u00fa dieta.<\/p>\n<h3>GRILL PACK<\/h3>\n<p>Pensado en cubrir las necesidades m\u00e1s especificas de tus eventos especiales, cuenta con asesor\u00eda gratuita para una correcta distribuci\u00f3n de las porciones entre los comensales.<\/p>\n<h2><b>BLONDE BURGUER MEAT<\/b><\/h2>\n<h3>Una experiencia de textura inigualable que te har\u00e1 lucir como un chef en toda ocasi\u00f3n.<\/h3>\n<figure><img decoding=\"async\" src=\"https:\/\/agroblonde.com\/wp-content\/uploads\/2020\/07\/PREMIUM-CARNE-DE-HAMBURGUES.png\" alt=\"PREMIUM CARNE DE HAMBURGUES\" \/><\/figure>\n<figure><img decoding=\"async\" src=\"https:\/\/agroblonde.com\/wp-content\/uploads\/2020\/07\/BURGER-POST.png\" alt=\"BURGER POST\" \/><\/figure>\n<p>Anterior<br \/>Siguiente<\/p>\n<h2>s\u00edguenos<\/h2>\n<p>\u00a1Cu\u00e9ntanos t\u00fa experiencia!<br \/><i>\ue934<\/i><i>\ue934<\/i><i>\ue934<\/i><i>\ue934<\/i><i>\ue934<\/i> 5\/5<\/p>\n<ul>\n<li>Cr 27 #105-18<\/li>\n<li>despacho@agroblonde.com<\/li>\n<li>(314) 2903703<\/li>\n<li>@agroblonde<\/li>\n<\/ul>","protected":false},"excerpt":{"rendered":"<p>Carnes Premium Adquiere productos c\u00e1rnicos\u00a0cuidadosamente seleccionados para garantizar una dieta de calidad sin salir de casa. HOUSE PACK Dise\u00f1ado para facilitar la elaboraci\u00f3n de recetas pues cuenta con un empaque muy pr\u00e1ctico para refrigerar, permitiendo utilizar s\u00f3lo lo necesario a la hora de la cocci\u00f3n. Adem\u00e1s ofrece una amplia gama de productos que te permiten [&hellip;]<\/p>\n","protected":false},"author":1,"featured_media":0,"parent":0,"menu_order":0,"comment_status":"closed","ping_status":"closed","template":"elementor_canvas","meta":{"footnotes":""},"class_list":["post-37","page","type-page","status-publish","hentry"],"_links":{"self":[{"href":"https:\/\/agroblonde.com\/index.php?rest_route=\/wp\/v2\/pages\/37","targetHints":{"allow":["GET"]}}],"collection":[{"href":"https:\/\/agroblonde.com\/index.php?rest_route=\/wp\/v2\/pages"}],"about":[{"href":"https:\/\/agroblonde.com\/index.php?rest_route=\/wp\/v2\/types\/page"}],"author":[{"embeddable":true,"href":"https:\/\/agroblonde.com\/index.php?rest_route=\/wp\/v2\/users\/1"}],"replies":[{"embeddable":true,"href":"https:\/\/agroblonde.com\/index.php?rest_route=%2Fwp%2Fv2%2Fcomments&post=37"}],"version-history":[{"count":13,"href":"https:\/\/agroblonde.com\/index.php?rest_route=\/wp\/v2\/pages\/37\/revisions"}],"predecessor-version":[{"id":118,"href":"https:\/\/agroblonde.com\/index.php?rest_route=\/wp\/v2\/pages\/37\/revisions\/118"}],"wp:attachment":[{"href":"https:\/\/agroblonde.com\/index.php?rest_route=%2Fwp%2Fv2%2Fmedia&parent=37"}],"curies":[{"name":"wp","href":"https:\/\/api.w.org\/{rel}","templated":true}]}}